{"id":10051,"date":"2024-02-23T12:09:24","date_gmt":"2024-02-23T18:09:24","guid":{"rendered":"https:\/\/aulneau.com\/?page_id=10051"},"modified":"2025-02-10T09:28:44","modified_gmt":"2025-02-10T15:28:44","slug":"meet-the-team","status":"publish","type":"page","link":"https:\/\/aulneau.com\/fr\/meet-the-team\/","title":{"rendered":"Rencontrez L\u2019\u00e9quipe"},"content":{"rendered":"<p>Au c\u0153ur du Centre de Renouveau Aulneau se trouve une \u00e9quipe d\u00e9vou\u00e9e et compatissante, chacun apportant ses comp\u00e9tences et exp\u00e9riences uniques au service de notre communaut\u00e9. Des nos th\u00e9rapeutes \u00e0 notre personnel administratif, chaque membre joue un r\u00f4le essentiel dans la guidance des individus et des familles sur leurs chemins de croissance et de renouveau. Venez d\u00e9couvrir les personnes passionn\u00e9es qui travaillent sans rel\u00e2che pour d\u00e9fendre les valeurs et la mission du Centre.<\/p>\n","protected":false},"excerpt":{"rendered":"<p>Au c\u0153ur du Centre de Renouveau Aulneau se trouve une \u00e9quipe d\u00e9vou\u00e9e et compatissante, chacun apportant ses comp\u00e9tences et exp\u00e9riences uniques au service de notre communaut\u00e9. Des nos th\u00e9rapeutes \u00e0 notre personnel administratif, chaque membre joue un r\u00f4le essentiel dans la guidance des individus et des familles sur leurs chemins de croissance et de renouveau. [&hellip;]<\/p>\n","protected":false},"author":26,"featured_media":0,"parent":0,"menu_order":0,"comment_status":"closed","ping_status":"closed","template":"","meta":{"footnotes":""},"class_list":["post-10051","page","type-page","status-publish","hentry"],"acf":[],"_links":{"self":[{"href":"https:\/\/aulneau.com\/fr\/wp-json\/wp\/v2\/pages\/10051","targetHints":{"allow":["GET"]}}],"collection":[{"href":"https:\/\/aulneau.com\/fr\/wp-json\/wp\/v2\/pages"}],"about":[{"href":"https:\/\/aulneau.com\/fr\/wp-json\/wp\/v2\/types\/page"}],"author":[{"embeddable":true,"href":"https:\/\/aulneau.com\/fr\/wp-json\/wp\/v2\/users\/26"}],"replies":[{"embeddable":true,"href":"https:\/\/aulneau.com\/fr\/wp-json\/wp\/v2\/comments?post=10051"}],"version-history":[{"count":5,"href":"https:\/\/aulneau.com\/fr\/wp-json\/wp\/v2\/pages\/10051\/revisions"}],"predecessor-version":[{"id":11233,"href":"https:\/\/aulneau.com\/fr\/wp-json\/wp\/v2\/pages\/10051\/revisions\/11233"}],"wp:attachment":[{"href":"https:\/\/aulneau.com\/fr\/wp-json\/wp\/v2\/media?parent=10051"}],"curies":[{"name":"wp","href":"https:\/\/api.w.org\/{rel}","templated":true}]}}