{"id":5207,"date":"2018-12-13T16:35:23","date_gmt":"2018-12-13T22:35:23","guid":{"rendered":"https:\/\/aulneau.com\/?page_id=5207"},"modified":"2018-12-17T16:02:00","modified_gmt":"2018-12-17T22:02:00","slug":"resources","status":"publish","type":"page","link":"https:\/\/aulneau.com\/fr\/counselling\/resources\/","title":{"rendered":"Ressources"},"content":{"rendered":"<ul>\n<li><a href=\"#resource-section-1\">Tendances suicidaires<\/a><\/li>\n<li><a href=\"#resource-section-2\">Abus, n\u00e9gligence<\/a><\/li>\n<li><a href=\"#resource-section-3\">D\u00e9pression<\/a><\/li>\n<li><a href=\"#resource-section-4\">D\u00e9pendance<\/a><\/li>\n<li><a href=\"#resource-section-5\">Agression, col\u00e8re ou d\u00e9fi<\/a><\/li>\n<li><a href=\"#resource-section-6\">Traumatisme<\/a><\/li>\n<li><a href=\"#resource-section-7\">Deuil, perte<\/a><\/li>\n<li><a href=\"#resource-section-8\">Anxi\u00e9t\u00e9, stress<\/a><\/li>\n<li><a href=\"#resource-section-9\">Troubles du spectre<\/a><\/li>\n<li><a href=\"#resource-section-10\">Besoin de comp\u00e9tences parentales<\/a><\/li>\n<li><a href=\"#resource-section-11\">Difficult\u00e9s relationnelles<\/a><\/li>\n<li><a href=\"#resource-section-12\">Probl\u00e8mes d&rsquo;estime de soi<\/a><\/li>\n<li><a href=\"#resource-section-13\">S\u00e9paration ou divorce<\/a><\/li>\n<\/ul>\n<hr \/>\n<h3 id=\"resource-section-1\">Tendances suicidaires<\/h3>\n<p><strong>Klinic Drop In Counselling<\/strong><br \/>\n204-784- 4067<\/p>\n<p><strong>Klinic Crisis Line (24\/7)<\/strong><br \/>\nPhone:\u00a0204-786-8686<br \/>\nToll free:\u00a01-888-322-3019<br \/>\nTTY:\u00a0204-784-4097<\/p>\n<p><strong>Manitoba Suicide Prevention &amp; Support Line (24\/7)<\/strong><br \/>\nToll free:\u00a01-877-435-7170<br \/>\nTTY:\u00a0(204) 784-4097<\/p>\n<p><strong>Winnipeg Regional Health Authority (WRHA), Mobile Crisis Service<\/strong><br \/>\n204-940-1781<\/p>\n<p><strong>Crisis Stabilization Unit (WRHA)<\/strong><br \/>\n204-940-3633<\/p>\n<p><strong>Crisis Stabilization System<\/strong><br \/>\n204-949-4777\u00a0or 1-888-383-2776<\/p>\n<p><strong>Main Street Project<\/strong><br \/>\n204-982-8245<\/p>\n<p><strong>Winnipeg Emergency Services Operator 911<\/strong><\/p>\n<hr id=\"resource-section-2\" \/>\n<h3>Abus, n\u00e9gligence<\/h3>\n<p>Some\u00a0resources\u00a0you can connect with are:<\/p>\n<p><strong>Klinic Drop In Counselling<\/strong><br \/>\n204-784- 4067<br \/>\n<a href=\"http:\/\/klinic.mb.ca\/in-person-counselling\/klinic-drop-in-counselling\/\" target=\"_blank\" rel=\"noopener\" data-saferedirecturl=\"https:\/\/www.google.com\/url?hl=en&amp;q=http:\/\/klinic.mb.ca\/in-person-counselling\/klinic-drop-in-counselling\/&amp;source=gmail&amp;ust=1514044046900000&amp;usg=AFQjCNEfgu7IKfXOQFYbZ_kWVjHt-2f0Ow\">http:\/\/klinic.mb.ca\/in-person-counselling\/klinic-drop-in-counselling\/<\/a><\/p>\n<p><strong>Klinic Crisis Line (24\/7)<\/strong><br \/>\nPhone: 204-786-8686<br \/>\nToll free:\u00a01-888-322-3019<br \/>\nTTY: 204-784-4097<\/p>\n<p><strong>Main Street Project<\/strong><br \/>\n204-982-8245 &#8211; 75 Martha Street<\/p>\n<p><strong>Siloam Mission &#8211; Hannah&rsquo;s Place Emergency Shelter<\/strong><br \/>\n204-943-1748<\/p>\n<p><strong>Willow Place<\/strong><br \/>\n204-615-0311<\/p>\n<p><strong>IKWE-WIDDJIITIWIN<\/strong><br \/>\n204-987-2780\u00a0or\u00a01-800-362-3344<\/p>\n<p><strong>The Salvation Army<\/strong><br \/>\n204-946-9402<\/p>\n<p><strong>The Salvation Army<\/strong><br \/>\n204-946-9471<\/p>\n<p><strong>Emergency Shelter For Men<\/strong><br \/>\nDuring business hours call\u00a0204-415-6797 ext. 200. After business hours call: The Provincial Domestic Abuse Line at 1-877-977-0777.<\/p>\n<hr id=\"resource-section-3\" \/>\n<h3>D\u00e9pression<\/h3>\n<p><strong>Klinic Drop In Counselling<\/strong><br \/>\n204-784- 4067<\/p>\n<p><strong>Klinic Crisis Line (24\/7)<\/strong><br \/>\nPhone:\u00a0204-786-8686<br \/>\nToll free:\u00a01-888-322-3019<br \/>\nTTY:\u00a0204-784-4097<\/p>\n<hr id=\"resource-section-4\" \/>\n<h3>D\u00e9pendance<\/h3>\n<p><strong>Klinic Drop In Counselling<\/strong><br \/>\n204-784- 4067<\/p>\n<p><strong>Klinic Crisis Line (24\/7)<\/strong><br \/>\nPhone:\u00a0204-786-8686<br \/>\nToll free:\u00a01-888-322-3019<br \/>\nTTY:\u00a0204-784-4097<\/p>\n<p><strong>Gambling Helpline (24\/7)<\/strong><br \/>\nToll free:\u00a01-800-463-1554<\/p>\n<p><strong>Clearview Addictions Rehabilitation Institute<\/strong><br \/>\nPhone:\u00a0204-784-2840<\/p>\n<p><strong>Main Street Project<\/strong><br \/>\nPhone:\u00a0204-784-2840<\/p>\n<p><strong>Narcotics Anonymous<\/strong><br \/>\nPhone:\u00a0204-981-1730<\/p>\n<p><strong>Native Addictions Council of Manitoba<\/strong><br \/>\nPhone:\u00a0204-586-8395<\/p>\n<p><strong>Recovery of Hope<\/strong><br \/>\nPhone:\u00a0204-477-4673<br \/>\nEmergency:\u00a0866-493-6202<\/p>\n<p><strong>Tamarack Recovery Centre<\/strong><br \/>\nPhone:\u00a0204-772-9836<br \/>\nIntake:\u00a0204-775-3546<\/p>\n<p><strong>Two Ten Recovery Inc<\/strong><br \/>\nPhone:\u00a0204-219-5210<\/p>\n<p><strong>Youth Drop-in at Young Street S Centre\u00a0<\/strong><br \/>\nPhone:\u00a0204-772-9253<\/p>\n<hr id=\"resource-section-5\" \/>\n<h3>Agression, col\u00e8re ou d\u00e9fi<\/h3>\n<p><strong>Klinic Drop In Counselling<\/strong><br \/>\n204-784- 4067<\/p>\n<p><strong>Klinic Crisis Line (24\/7)<\/strong><br \/>\nPhone:\u00a0204-786-8686<br \/>\nToll free:\u00a01-888-322-3019<br \/>\nTTY:\u00a0204-784-4097<\/p>\n<p><strong>Emotions Anonymous<\/strong><br \/>\n<a href=\"http:\/\/www.emotionsanonymous.org\/\" target=\"_blank\" rel=\"noopener\" data-saferedirecturl=\"https:\/\/www.google.com\/url?hl=en&amp;q=http:\/\/www.emotionsanonymous.org&amp;source=gmail&amp;ust=1514044046901000&amp;usg=AFQjCNGa4a1xjXIThpM0Vn0Jup4D07Hdkw\">www.emotionsanonymous.org<\/a><br \/>\n204-269-6248<\/p>\n<hr id=\"resource-section-6\" \/>\n<h3>Traumatisme<\/h3>\n<p><strong>Klinic Drop In Counselling<\/strong><br \/>\n204-784- 4067<\/p>\n<p><strong>Klinic Crisis Line (24\/7)<\/strong><br \/>\nPhone:\u00a0204-786-8686<br \/>\nToll free:\u00a01-888-322-3019<br \/>\nTTY:\u00a0204-784-4097<\/p>\n<p><strong>Post Trauma Counselling<\/strong><br \/>\n204-784-4059<\/p>\n<hr id=\"resource-section-7\" \/>\n<h3>Deuil, perte<\/h3>\n<p><strong>Klinic Drop In Counselling<\/strong><br \/>\n204-784- 4067<\/p>\n<p><strong>Klinic Crisis Line (24\/7)<\/strong><br \/>\nPhone:\u00a0204-786-8686<br \/>\nToll free:\u00a01-888-322-3019<br \/>\nTTY:\u00a0204-784-4097<\/p>\n<p><strong>The Compassionate Friends<\/strong><br \/>\n204-787-4896<\/p>\n<p><strong>Palliative Manitoba Resource<\/strong><br \/>\n<a href=\"http:\/\/palliativemanitoba.ca\/wp-content\/uploads\/2016\/06\/Community-Based-Grief-Resources-2016-June-15.pdf\" target=\"_blank\" rel=\"noopener\" data-saferedirecturl=\"https:\/\/www.google.com\/url?hl=en&amp;q=http:\/\/palliativemanitoba.ca\/wp-content\/uploads\/2016\/06\/Community-Based-Grief-Resources-2016-June-15.pdf&amp;source=gmail&amp;ust=1514044046901000&amp;usg=AFQjCNHCGif1rmRP6EAFv70_JbjAgqPphg\">http:\/\/palliativemanitoba.ca\/wp-content\/uploads\/2016\/06\/Community-Based-Grief-Resources-2016-June-15.pdf<\/a><\/p>\n<hr id=\"resource-section-8\" \/>\n<h3>Anxi\u00e9t\u00e9, stress<\/h3>\n<p><strong>Klinic Drop In Counselling<\/strong><br \/>\n204-784- 4067<\/p>\n<p><strong>Klinic Crisis Line (24\/7)<\/strong><br \/>\nPhone:\u00a0204-786-8686<br \/>\nToll free:\u00a01-888-322-3019<br \/>\nTTY:\u00a0204-784-4097<\/p>\n<p><strong>Anxiety Disorders Association of Manitoba<\/strong><br \/>\n204-925-0600<\/p>\n<hr id=\"resource-section-9\" \/>\n<h3>Troubles du spectre<\/h3>\n<p><strong>Klinic Drop In Counselling<\/strong><br \/>\n204-784- 4067<\/p>\n<p><strong>Klinic Crisis Line (24\/7)<\/strong><br \/>\nPhone:\u00a0204-786-8686<br \/>\nToll free:\u00a01-888-322-3019<br \/>\nTTY:\u00a0204-784-4097<\/p>\n<p><strong>St. Amant Centre<\/strong><br \/>\n204-256-4301<\/p>\n<p><strong>FASD Life\u2019s Journey<\/strong><br \/>\n204-772-1591<\/p>\n<hr id=\"resource-section-10\" \/>\n<h3>Besoin de comp\u00e9tences parentales<\/h3>\n<p><strong>Klinic Drop In Counselling<\/strong><br \/>\n204-784- 4067<\/p>\n<p><strong>Klinic Crisis Line (24\/7)<\/strong><br \/>\nPhone:\u00a0204-786-8686<br \/>\nToll free:\u00a01-888-322-3019<br \/>\nTTY:\u00a0204-784-4097<\/p>\n<p><strong>Triple P Parenting Hotline<\/strong><br \/>\n204-945-4777<br \/>\nToll free:\u00a01-877-945-4777<\/p>\n<p><strong>MB Parent Zone<\/strong><br \/>\n<a href=\"http:\/\/www.manitobaparentzone.ca\/becoming-a-parent\/birth\/parenting-resources.html\" target=\"_blank\" rel=\"noopener\" data-saferedirecturl=\"https:\/\/www.google.com\/url?hl=en&amp;q=http:\/\/www.manitobaparentzone.ca\/becoming-a-parent\/birth\/parenting-resources.html&amp;source=gmail&amp;ust=1514044046902000&amp;usg=AFQjCNHp71hjWOL386QNaKVDoM8-h2hMLA\">http:\/\/www.manitobaparentzone.ca\/becoming-a-parent\/birth\/parenting-resources.html<\/a><\/p>\n<hr id=\"resource-section-11\" \/>\n<h3>Difficult\u00e9s relationnelles<\/h3>\n<p><strong>Klinic Drop In Counselling<\/strong><br \/>\n204-784- 4067<\/p>\n<p><strong>Klinic Crisis Line (24\/7)<\/strong><br \/>\nPhone:\u00a0204-786-8686<br \/>\nToll free:\u00a01-888-322-3019<br \/>\nTTY:\u00a0204-784-4097<\/p>\n<hr id=\"resource-section-12\" \/>\n<h3>Probl\u00e8mes d&rsquo;estime de soi<\/h3>\n<p><strong>Klinic Drop In Counselling<\/strong><br \/>\n204-784- 4067<\/p>\n<p><strong>Klinic Crisis Line (24\/7)<\/strong><br \/>\nPhone:\u00a0204-786-8686<br \/>\nToll free:\u00a01-888-322-3019<br \/>\nTTY:\u00a0204-784-4097<\/p>\n<hr id=\"resource-section-13\" \/>\n<h3>S\u00e9paration ou divorce<\/h3>\n<p><strong>Klinic Drop In Counselling<\/strong><br \/>\n204-784- 4067<\/p>\n<p><strong>Klinic Crisis Line (24\/7)<\/strong><br \/>\nPhone:\u00a0204-786-8686<br \/>\nToll free:\u00a01-888-322-3019<br \/>\nTTY:\u00a0204-784-4097<\/p>\n<p><strong>Family Conciliation<\/strong><br \/>\n204-945-3744<\/p>\n","protected":false},"excerpt":{"rendered":"<p>Tendances suicidaires Abus, n\u00e9gligence D\u00e9pression D\u00e9pendance Agression, col\u00e8re ou d\u00e9fi Traumatisme Deuil, perte Anxi\u00e9t\u00e9, stress Troubles du spectre Besoin de comp\u00e9tences parentales Difficult\u00e9s relationnelles Probl\u00e8mes d&rsquo;estime de soi S\u00e9paration ou divorce Tendances suicidaires Klinic Drop In Counselling 204-784- 4067 Klinic Crisis Line (24\/7) Phone:\u00a0204-786-8686 Toll free:\u00a01-888-322-3019 TTY:\u00a0204-784-4097 Manitoba Suicide Prevention &amp; Support Line (24\/7) Toll [&hellip;]<\/p>\n","protected":false},"author":6,"featured_media":0,"parent":5198,"menu_order":0,"comment_status":"closed","ping_status":"closed","template":"","meta":{"footnotes":""},"class_list":["post-5207","page","type-page","status-publish","hentry"],"acf":[],"_links":{"self":[{"href":"https:\/\/aulneau.com\/fr\/wp-json\/wp\/v2\/pages\/5207","targetHints":{"allow":["GET"]}}],"collection":[{"href":"https:\/\/aulneau.com\/fr\/wp-json\/wp\/v2\/pages"}],"about":[{"href":"https:\/\/aulneau.com\/fr\/wp-json\/wp\/v2\/types\/page"}],"author":[{"embeddable":true,"href":"https:\/\/aulneau.com\/fr\/wp-json\/wp\/v2\/users\/6"}],"replies":[{"embeddable":true,"href":"https:\/\/aulneau.com\/fr\/wp-json\/wp\/v2\/comments?post=5207"}],"version-history":[{"count":2,"href":"https:\/\/aulneau.com\/fr\/wp-json\/wp\/v2\/pages\/5207\/revisions"}],"predecessor-version":[{"id":5209,"href":"https:\/\/aulneau.com\/fr\/wp-json\/wp\/v2\/pages\/5207\/revisions\/5209"}],"up":[{"embeddable":true,"href":"https:\/\/aulneau.com\/fr\/wp-json\/wp\/v2\/pages\/5198"}],"wp:attachment":[{"href":"https:\/\/aulneau.com\/fr\/wp-json\/wp\/v2\/media?parent=5207"}],"curies":[{"name":"wp","href":"https:\/\/api.w.org\/{rel}","templated":true}]}}