{"id":5210,"date":"2018-12-13T16:41:31","date_gmt":"2018-12-13T22:41:31","guid":{"rendered":"https:\/\/aulneau.com\/?page_id=5210"},"modified":"2019-10-29T10:04:22","modified_gmt":"2019-10-29T15:04:22","slug":"hcmo-program","status":"publish","type":"page","link":"https:\/\/aulneau.com\/fr\/counselling\/hcmo-program\/","title":{"rendered":"Programme HCMO"},"content":{"rendered":"<p>Ce programme est financ\u00e9 par Enfants en sant\u00e9 Manitoba et permet aux enfants de moins de 18 ans d&rsquo;avoir gratuitement acc\u00e8s \u00e0 un service de counseling contre l&rsquo;anxi\u00e9t\u00e9 et la d\u00e9pression pendant 10 s\u00e9ances.<\/p>\n<p>Les crit\u00e8res de ce programme sont les suivants:<\/p>\n<ul>\n<li>Les clients doivent \u00eatre de nouveaux clients.<\/li>\n<li>Les clients doivent avoir moins de 18 ans.<\/li>\n<li>Les clients ne doivent pas \u00eatre impliqu\u00e9s avec CFS.<\/li>\n<li>Les clients ne doivent pas \u00eatre impliqu\u00e9s dans des litiges judiciaires.<\/li>\n<li>Les clients doivent souffrir d&rsquo;anxi\u00e9t\u00e9 et \/ ou de d\u00e9pression.<\/li>\n<li>Les clients doivent respecter les seuils de faible revenu indiqu\u00e9s avec la ville de Winnipeg:<\/li>\n<\/ul>\n<table>\n<thead>\n<tr>\n<td>Personnes dans le m\u00e9nage<\/td>\n<td>Revenu du m\u00e9nage<\/td>\n<\/tr>\n<\/thead>\n<tbody>\n<tr>\n<td>1<\/td>\n<td>$24,328<\/td>\n<\/tr>\n<tr>\n<td>2<\/td>\n<td>$30,286<\/td>\n<\/tr>\n<tr>\n<td>3<\/td>\n<td>$37,234<\/td>\n<\/tr>\n<tr>\n<td>4<\/td>\n<td>$45,206<\/td>\n<\/tr>\n<tr>\n<td>5<\/td>\n<td>$51,272<\/td>\n<\/tr>\n<tr>\n<td>6<\/td>\n<td>$57,826<\/td>\n<\/tr>\n<tr>\n<td>7<\/td>\n<td>$64,381<\/td>\n<\/tr>\n<tr>\n<td>Plus que 7<\/td>\n<td>pour chaque personne suppl\u00e9mentaire, ajoutez $6,555<\/td>\n<\/tr>\n<\/tbody>\n<\/table>\n","protected":false},"excerpt":{"rendered":"<p>Ce programme est financ\u00e9 par Enfants en sant\u00e9 Manitoba et permet aux enfants de moins de 18 ans d&rsquo;avoir gratuitement acc\u00e8s \u00e0 un service de counseling contre l&rsquo;anxi\u00e9t\u00e9 et la d\u00e9pression pendant 10 s\u00e9ances. Les crit\u00e8res de ce programme sont les suivants: Les clients doivent \u00eatre de nouveaux clients. Les clients doivent avoir moins de [&hellip;]<\/p>\n","protected":false},"author":6,"featured_media":4174,"parent":5198,"menu_order":0,"comment_status":"closed","ping_status":"closed","template":"","meta":{"footnotes":""},"class_list":["post-5210","page","type-page","status-publish","has-post-thumbnail","hentry"],"acf":[],"_links":{"self":[{"href":"https:\/\/aulneau.com\/fr\/wp-json\/wp\/v2\/pages\/5210","targetHints":{"allow":["GET"]}}],"collection":[{"href":"https:\/\/aulneau.com\/fr\/wp-json\/wp\/v2\/pages"}],"about":[{"href":"https:\/\/aulneau.com\/fr\/wp-json\/wp\/v2\/types\/page"}],"author":[{"embeddable":true,"href":"https:\/\/aulneau.com\/fr\/wp-json\/wp\/v2\/users\/6"}],"replies":[{"embeddable":true,"href":"https:\/\/aulneau.com\/fr\/wp-json\/wp\/v2\/comments?post=5210"}],"version-history":[{"count":4,"href":"https:\/\/aulneau.com\/fr\/wp-json\/wp\/v2\/pages\/5210\/revisions"}],"predecessor-version":[{"id":5214,"href":"https:\/\/aulneau.com\/fr\/wp-json\/wp\/v2\/pages\/5210\/revisions\/5214"}],"up":[{"embeddable":true,"href":"https:\/\/aulneau.com\/fr\/wp-json\/wp\/v2\/pages\/5198"}],"wp:featuredmedia":[{"embeddable":true,"href":"https:\/\/aulneau.com\/fr\/wp-json\/wp\/v2\/media\/4174"}],"wp:attachment":[{"href":"https:\/\/aulneau.com\/fr\/wp-json\/wp\/v2\/media?parent=5210"}],"curies":[{"name":"wp","href":"https:\/\/api.w.org\/{rel}","templated":true}]}}