{"id":6575,"date":"2020-11-02T15:01:01","date_gmt":"2020-11-02T21:01:01","guid":{"rendered":"https:\/\/aulneau.com\/?page_id=6575"},"modified":"2020-11-04T11:49:44","modified_gmt":"2020-11-04T17:49:44","slug":"covid-19-update","status":"publish","type":"page","link":"https:\/\/aulneau.com\/fr\/covid-19-update\/","title":{"rendered":"Mise \u00e0 jour sur la COVID-19"},"content":{"rendered":"<h4 style=\"text-align: center;\"><b>Si vous voulez vous inscrire \u00e0 un contr\u00f4le de sant\u00e9, veuillez vous inscrire ici : <a href=\"https:\/\/aulneau.com\/fr\/controle-de-sante-covid-19\/\">https:\/\/aulneau.com\/fr\/controle-de-sante-covid-19\/<\/a><\/b><\/h4>\n<h4 style=\"text-align: center;\"><\/h4>\n<h4 style=\"text-align: center;\"><b>Si vous voulez vous inscrire \u00e0 un contr\u00f4le de sant\u00e9 et \u00e0 des s\u00e9ances de consultation, veuillez vous inscrire ici : <a href=\"https:\/\/aulneau.com\/fr\/counselling\/register-for-counselling\/\">https:\/\/aulneau.com\/fr\/counselling\/register-for-counselling\/<\/a><\/b><\/h4>\n<hr \/>\n<h3><b>MISE \u00c0 JOUR \u2013 Le 19 mars 2020 \u00e0 15\u00a0h<\/b><\/h3>\n<p><span style=\"font-weight: 400;\">Le Centre de renouveau Aulneau, comme d\u2019autres organismes, continue de s\u2019inqui\u00e9ter au sujet de la COVID-19. Nos valeurs comprennent la compassion, et en cette p\u00e9riode, nous \u00e9prouvons de la compassion et des inqui\u00e9tudes pour notre communaut\u00e9. En outre, une autre valeur importante concerne les relations saines, ce qui comprend \u00e9galement la sant\u00e9 physique. Comme bien d\u2019autres, nous adh\u00e9rons aux protocoles de distanciation sociale recommand\u00e9s.<\/span><\/p>\n<p><span style=\"color: #ff0000;\"><b>\u00c0 compter du 19\u00a0mars\u00a02020, le Centre de renouveau Aulneau fermera ses portes des bureaux de Winnipeg et de Steinbach. Les th\u00e9rapeutes offriront des s\u00e9ances par t\u00e9l\u00e9phone ou par vid\u00e9o. Nous envisageons d\u2019autres possibilit\u00e9s de t\u00e9l\u00e9conf\u00e9rence.<\/b><\/span><\/p>\n<p><b>Programme d\u2019\u00e9chelle mobile\u00a0:<\/b><\/p>\n<p><b>Si vous \u00eates d\u00e9j\u00e0 un client de notre programme d\u2019\u00e9chelle mobile\u00a0:<\/b><\/p>\n<ul>\n<li><span style=\"font-weight: 400;\">Votre th\u00e9rapeute communiquera avec vous pour discuter des possibilit\u00e9s d\u2019une s\u00e9ance par vid\u00e9o ou par t\u00e9l\u00e9phone. Votre th\u00e9rapeute discutera \u00e9galement de la fa\u00e7on dont les paiements fonctionneront.<\/span><\/li>\n<li><span style=\"font-weight: 400;\">Notre r\u00e9ceptionniste vous t\u00e9l\u00e9phonera pour prendre votre paiement par t\u00e9l\u00e9phone. Il vous faudra avoir une carte de cr\u00e9dit, ou vous aurez aussi la possibilit\u00e9 de faire un virement \u00e9lectronique.<\/span><\/li>\n<li><span style=\"font-weight: 400;\">Vous pourrez aussi r\u00e9server des s\u00e9ances en personne d\u00e8s que nous serons de retour au bureau. Votre dossier ne sera pas ferm\u00e9 pour l\u2019instant et demeurera ouvert.<\/span><\/li>\n<li><span style=\"font-weight: 400;\">Nous vous demandons de vous assurer d\u2019\u00eatre dans un lieu s\u00fbr pour pouvoir participer \u00e0 ce genre de consultation.<\/span><\/li>\n<li><span style=\"font-weight: 400;\">Le Centre de renouveau Aulneau ne sera pas en mesure de fournir des services de consultation en cas de crise ou de th\u00e9rapie EMDR par t\u00e9l\u00e9phone ou par vid\u00e9o pour le moment.<\/span><\/li>\n<\/ul>\n<p>&nbsp;<\/p>\n<p><b>Si vous \u00eates un nouveau client qui aimerait acc\u00e9der \u00e0 nos services dans le cadre de notre programme d\u2019\u00e9chelle mobile\u00a0:<\/b><\/p>\n<ul>\n<li><span style=\"font-weight: 400;\">Notre service des admissions est encore ouvert!<\/span><\/li>\n<li><span style=\"font-weight: 400;\">Si vous souhaitez consulter, vous pouvez remplir notre formulaire d\u2019admission en ligne, au <\/span><a href=\"https:\/\/aulneau.com\/\"><span style=\"font-weight: 400;\">www.aulneau.com<\/span><span style=\"font-weight: 400;\">. <\/span><\/a><span style=\"font-weight: 400;\">Veuillez cliquer sur Organisez une consultation. Veuillez envoyer vos renseignements financiers.<\/span><span style=\"font-weight: 400;\"><br \/>\n<\/span><\/li>\n<li><span style=\"font-weight: 400;\">Vos s\u00e9ances pourront se d\u00e9rouler par vid\u00e9o ou par t\u00e9l\u00e9phone, \u00e0 votre choix. Si vous voulez organiser des s\u00e9ances en personne, il vous faudra peut-\u00eatre attendre, mais nous pouvons traiter votre demande.<\/span><\/li>\n<li><span style=\"font-weight: 400;\">Si vous voulez organiser des s\u00e9ances vid\u00e9o ou t\u00e9l\u00e9phoniques, vous n\u2019aurez peut-\u00eatre pas besoin d\u2019attendre aussi longtemps, puisque nous avons des disponibilit\u00e9s.<\/span><\/li>\n<\/ul>\n<p>&nbsp;<\/p>\n<p><b>Programme des Services \u00e0 l\u2019enfant et \u00e0 la famille (SEF)\u00a0:<\/b><\/p>\n<p><b>Si vous \u00eates un client par l\u2019entremise de notre programme de SEF\u00a0:<\/b><\/p>\n<ul>\n<li><span style=\"font-weight: 400;\">Veuillez communiquer avec votre travailleur social, et assurez-vous de suivre le protocole d\u00e9crit par votre organisme.<\/span><\/li>\n<li><span style=\"font-weight: 400;\">Si votre travailleur social est d\u2019accord, nous serons heureux de vous offrir des s\u00e9ances par t\u00e9l\u00e9phone ou par vid\u00e9o. Veuillez indiquer votre pr\u00e9f\u00e9rence \u00e0 votre th\u00e9rapeute.<\/span><\/li>\n<\/ul>\n<p>&nbsp;<\/p>\n<p><b>Si vous \u00eates un travailleur social qui souhaite acc\u00e9der aux services pour un client\u00a0:<\/b><\/p>\n<ul>\n<li><span style=\"font-weight: 400;\">Notre service des admissions est encore ouvert.<\/span><\/li>\n<li><span style=\"font-weight: 400;\">Si vous souhaitez organiser une consultation pour un client, vous pouvez remplir notre formulaire d\u2019admission en ligne au <\/span><a href=\"https:\/\/aulneau.com\/fr\/cfs\/cfs-intake\/\"><span style=\"font-weight: 400;\">https:\/\/aulneau.com\/fr\/cfs\/cfs-intake\/<\/span><\/a><span style=\"font-weight: 400;\">. Une fois que nous aurons re\u00e7u vos renseignements, nous vous enverrons un contrat.<\/span><\/li>\n<li><span style=\"font-weight: 400;\">Vos clients auront la possibilit\u00e9 d\u2019avoir des s\u00e9ances par vid\u00e9o ou par t\u00e9l\u00e9phone. Si vos clients souhaitent avoir des s\u00e9ances en personne, ils devront peut-\u00eatre attendre, mais nous pouvons traiter la demande.<\/span><\/li>\n<li><span style=\"font-weight: 400;\">Si vous voulez organiser des s\u00e9ances vid\u00e9o ou t\u00e9l\u00e9phoniques, vous n\u2019aurez peut-\u00eatre pas besoin d\u2019attendre aussi longtemps, puisque nous avons des disponibilit\u00e9s.<\/span><\/li>\n<\/ul>\n<p>&nbsp;<\/p>\n<p><b>Autres organismes\u00a0:<\/b><\/p>\n<ul>\n<li><span style=\"font-weight: 400;\">Pour l\u2019instant, le Centre de renouveau Aulneau n\u2019offrira pas de formations ou d\u2019ateliers.<\/span><\/li>\n<li><span style=\"font-weight: 400;\">Si vous voulez retenir les services d\u2019un conf\u00e9rencier ou nous demander d\u2019animer un atelier \u00e0 une date ult\u00e9rieure, veuillez remplir notre formulaire Demander un conf\u00e9rencier au <\/span><a href=\"https:\/\/aulneau.com\/fr\/professional-development\/request-a-speaker\/.\"><span style=\"font-weight: 400;\">https:\/\/aulneau.com\/fr\/professional-development\/request-a-speaker\/<\/span><span style=\"font-weight: 400;\">.<\/span><\/a><\/li>\n<\/ul>\n<p>&nbsp;<\/p>\n<p><b>Demandes de renseignements\u00a0:<\/b><\/p>\n<ul>\n<li><span style=\"font-weight: 400;\">La r\u00e9ception v\u00e9rifiera sa bo\u00eete vocale r\u00e9guli\u00e8rement. Nous vous demandons de laisser un message, et nous pourrons vous r\u00e9pondre le plus t\u00f4t possible.<\/span><\/li>\n<li><span style=\"font-weight: 400;\">Les courriels envoy\u00e9s \u00e0 <\/span><a href=\"mailto:reception@aulneau.com%20\"><span style=\"font-weight: 400;\">reception@aulneau.com <\/span><\/a><span style=\"font-weight: 400;\">seront lus r\u00e9guli\u00e8rement. Veuillez nous faire parvenir vos questions.<\/span><\/li>\n<li><span style=\"font-weight: 400;\">Les heures de la r\u00e9ception sont du lundi au vendredi, de 9\u00a0h \u00e0 17\u00a0h. Si vous appelez apr\u00e8s ces heures, veuillez laisser un message. Toutefois, le personnel de la r\u00e9ception pourrait ne pas vous rappeler avant le lendemain.<\/span><\/li>\n<\/ul>\n<p>&nbsp;<\/p>\n<p><b>Notre fa\u00e7on de nous occuper de notre communaut\u00e9\u00a0:<\/b><\/p>\n<p><b>Contr\u00f4les de sant\u00e9\u00a0:<\/b><\/p>\n<p><span style=\"font-weight: 400;\">Le Centre de renouveau Aulneau comprend qu\u2019en cette p\u00e9riode difficile, votre famille et vous pourriez avoir besoin d\u2019aide suppl\u00e9mentaire pour vous soutenir dans ce cheminement. Nous organisons des contr\u00f4les de sant\u00e9 pour vous aider \u00e0 surmonter l\u2019anxi\u00e9t\u00e9 qui pourrait vous tenailler en raison de la COVID-19. Par t\u00e9l\u00e9phone, vous aurez acc\u00e8s \u00e0 un th\u00e9rapeute qui pourra vous aider \u00e0 examiner des outils et des ressources pour vous aider, vous et votre famille, en cette p\u00e9riode difficile. Ce service s\u2019adresse \u00e0 tous les clients et \u00e0 tous les membres de la communaut\u00e9. Il n\u2019est pas n\u00e9cessaire d\u2019\u00eatre un client du Centre de renouveau Aulneau pour en b\u00e9n\u00e9ficier.<\/span><\/p>\n<p><span style=\"font-weight: 400;\">Pour qu\u2019un th\u00e9rapeute vous t\u00e9l\u00e9phone pour un contr\u00f4le de sant\u00e9\u00a0:<\/span><\/p>\n<ul>\n<li><span style=\"font-weight: 400;\">Veuillez composer le 204-987-7090. Laissez votre nom et votre num\u00e9ro de t\u00e9l\u00e9phone et pr\u00e9cisez que vous souhaitez b\u00e9n\u00e9ficier d\u2019un contr\u00f4le de sant\u00e9. Notre th\u00e9rapeute vous rappellera.<\/span><\/li>\n<li><span style=\"font-weight: 400;\">Ce service est \u00e9galement offert en option dans notre formulaire d\u2019admission. Si vous demandez des services et que vous avez besoin d\u2019un contr\u00f4le de sant\u00e9 imm\u00e9diat, notre th\u00e9rapeute peut communiquer avec vous.<\/span><\/li>\n<li><span style=\"font-weight: 400;\">Avec la permission du client, les prestataires de services peuvent \u00e9galement laisser le nom et le num\u00e9ro de t\u00e9l\u00e9phone d\u2019un client, avec qui nous pourrons communiquer.<\/span><\/li>\n<li><span style=\"font-weight: 400;\">Nous encourageons les personnes qui sont en isolement ou qui ne sont pas en mesure de recevoir des visiteurs de se pr\u00e9valoir de ce service si elles se sentent isol\u00e9es ou anxieuses.<\/span><\/li>\n<\/ul>\n<p>&nbsp;<\/p>\n<p><span style=\"font-weight: 400;\">Ce service sera offert GRATUITEMENT. Il ne s\u2019agit pas d\u2019une s\u00e9ance de consultation, mais plut\u00f4t d\u2019une s\u00e9ance d\u2019information. Le th\u00e9rapeute peut vous aider \u00e0 trouver des strat\u00e9gies d\u2019adaptation en cette p\u00e9riode.<\/span><\/p>\n<p><span style=\"font-weight: 400;\">Puisque la situation \u00e9volue au quotidien, nous allons nous adapter et \u00e9voluer en cons\u00e9quence. Nous savons que cette p\u00e9riode entra\u00eene des inqui\u00e9tudes et de l\u2019angoisse, et notre objectif est maintenant de collaborer en vue de r\u00e9duire au minimum la propagation de la COVID-19. Nous devons nous rappeler que pendant ces moments difficiles, nous devons apporter notre aide et nous concentrer sur notre communaut\u00e9 et son bien-\u00eatre. Il ne faut pas oublier non plus de faire preuve de bienveillance et de compassion envers notre entourage et envers nous-m\u00eames.<\/span><\/p>\n<p><span style=\"font-weight: 400;\">Nous avons bon espoir qu\u2019en tant que communaut\u00e9, nous surmonterons ces difficult\u00e9s. Nous demandons \u00e0 tout le monde d\u2019agir de mani\u00e8re responsable et de suivre les recommandations en mati\u00e8re de distanciation sociale.<\/span><\/p>\n<p><span style=\"font-weight: 400;\">N\u2019h\u00e9sitez pas \u00e0 communiquer avec nous au 204-987-7090 en tout temps. Veuillez laisser un message, puisque la bo\u00eete vocale sera surveill\u00e9e r\u00e9guli\u00e8rement.<\/span><\/p>\n<p><span style=\"font-weight: 400;\">Merci,<\/span><\/p>\n<p><span style=\"font-weight: 400;\">Le Centre de renouveau Aulneau<\/span><\/p>\n<p>&nbsp;<\/p>\n<h3><b>MISE \u00c0 JOUR \u2013 Le 18 mars 2020 \u00e0 16\u00a0h\u00a035<\/b><\/h3>\n<p><strong>EN RAISON DES PR\u00c9OCCUPATIONS ACTUELLES AU SUJET DE L\u2019\u00c9CLOSION DE LA COVID-19 (CORONAVIRUS), LES BUREAUX DU CENTRE DE RENOUVEAU AULNEAU SERONT FERM\u00c9S POUR UNE P\u00c9RIODE IND\u00c9TERMIN\u00c9E \u00c0 COMPTER DU JEUDI 19 MARS 2020. LES S\u00c9ANCES EN PERSONNE ONT \u00c9T\u00c9 SUSPENDUES.<\/strong><\/p>\n<p><strong>NOUS V\u00c9RIFIERONS R\u00c9GULI\u00c8REMENT NOTRE BO\u00ceTE VOCALE, ET NOTRE ADMINISTRATION S\u2019EFFORCE DE GARDER LE CONTACT AVEC NOTRE CLIENT\u00c8LE EN CETTE P\u00c9RIODE DIFFICILE.<\/strong><\/p>\n<p><b>DES S\u00c9ANCES PAR T\u00c9L\u00c9PHONE ET PAR VID\u00c9O POURRAIENT VOUS \u00caTRE OFFERTES. VEUILLEZ COMMUNIQUER DIRECTEMENT AVEC VOTRE TH\u00c9RAPEUTE OU AVEC NOTRE NUM\u00c9RO PRINCIPAL AU 204-987-7090.<\/b><\/p>\n<p><span style=\"font-weight: 400;\">NOUS VOUS REMERCIONS DE VOTRE PATIENCE ET DE VOTRE COMPR\u00c9HENSION.<\/span><\/p>\n<h3><b>Le 17 mars 2020<\/b><\/h3>\n<p><span style=\"font-weight: 400;\">Pendant la pand\u00e9mie de COVID-19, nous comprenons que les gens peuvent \u00eatre particuli\u00e8rement anxieux et angoiss\u00e9s. Nous offrons des contr\u00f4les de sant\u00e9 gratuits pour v\u00e9rifier l\u2019\u00e9tat des clients. Aimeriez-vous b\u00e9n\u00e9ficier d\u2019un contr\u00f4le de sant\u00e9 gratuit avec un th\u00e9rapeute? Ce service se d\u00e9roulerait par t\u00e9l\u00e9phone.<\/span><\/p>\n<p><span style=\"font-weight: 400;\">Si vous voulez vous organiser un contr\u00f4le de sant\u00e9 seulement, veuillez vous inscrire ici\u00a0: <\/span><a href=\"https:\/\/aulneau.com\/wellness-check-covid-19\/\"><span style=\"font-weight: 400;\">https:\/\/aulneau.com\/wellness-check-covid-19\/<\/span><\/a><\/p>\n<p><span style=\"font-weight: 400;\">Si vous voulez organiser un contr\u00f4le de sant\u00e9 et des s\u00e9ances de consultation, veuillez vous inscrire ici\u00a0: <\/span><a href=\"https:\/\/aulneau.com\/fr\/counselling\/register-for-counselling\/\"><span style=\"font-weight: 400;\">https:\/\/aulneau.com\/fr\/counselling\/register-for-counselling\/<\/span><\/a><\/p>\n<h3><b>MISE \u00c0 JOUR \u2013 Le 13 mars 2020 \u00e0 12\u00a0h\u00a039<\/b><\/h3>\n<p><span style=\"font-weight: 400;\">La sant\u00e9 et la s\u00e9curit\u00e9 de nos clients et de nos employ\u00e9s sont une priorit\u00e9 absolue pour le Centre de renouveau Aulneau. Les impacts de la COVID-19 continuant de se faire ressentir dans le monde, nous tenions \u00e0 vous faire part des pr\u00e9cautions suppl\u00e9mentaires que nous prenons.<\/span><\/p>\n<p><b>Auto-isolement \/maladie<\/b><\/p>\n<p><span style=\"font-weight: 400;\">Conform\u00e9ment aux conseils du m\u00e9decin hygi\u00e9niste en chef du Manitoba, l\u2019auto-isolement est n\u00e9cessaire <\/span><b>seulement si<\/b> <span style=\"font-weight: 400;\">vous revenez d\u2019un voyage dans une r\u00e9gion touch\u00e9e.<\/span><\/p>\n<ul>\n<li><span style=\"font-weight: 400;\">Surveillez vos sympt\u00f4mes et ceux de votre entourage; soyez \u00e0 l\u2019aff\u00fbt de sympt\u00f4mes semblables \u00e0 ceux d\u2019une grippe ou d\u2019un rhume, comme la toux, les \u00e9ternuements, les maux de gorge, la fi\u00e8vre ou les difficult\u00e9s \u00e0 respirer.<\/span><\/li>\n<li><span style=\"font-weight: 400;\">Les personnes qui doivent s\u2019isoler parce qu\u2019elles pr\u00e9sentent des sympt\u00f4mes grippaux doivent confirmer leurs sympt\u00f4mes aupr\u00e8s d\u2019<\/span><span style=\"font-weight: 400;\">Info Sant\u00e9<\/span> <span style=\"font-weight: 400;\">en composant le 204-788-8200 ou la ligne sans frais 1-888-315-9257, ou consulter un m\u00e9decin ou un sp\u00e9cialiste de la sant\u00e9.<\/span><\/li>\n<\/ul>\n<p><span style=\"font-weight: 400;\">Les clients qui pr\u00e9sentent les sympt\u00f4mes susmentionn\u00e9s sont pri\u00e9s d\u2019annuler leurs rendez-vous. Les frais de non-pr\u00e9sentation, de retard ou d\u2019annulation seront annul\u00e9s pour ces clients. Cette politique concerne tous les clients du programme d\u2019\u00e9chelle mobile et des SEF. Les personnes qui souhaitent organiser une s\u00e9ance pourront opter pour une s\u00e9ance virtuelle avec leur th\u00e9rapeute. La s\u00e9ance se d\u00e9roulera par t\u00e9l\u00e9phone ou au moyen de l\u2019application Zoom. Les clients devront payer les frais de leur s\u00e9ance par carte de cr\u00e9dit par t\u00e9l\u00e9phone et seront transf\u00e9r\u00e9s \u00e0 leur th\u00e9rapeute.<\/span><\/p>\n<p><span style=\"font-weight: 400;\">Les clients qui se pr\u00e9sentent lorsqu\u2019ils se ne sentent pas bien seront pri\u00e9s de rentrer chez eux. La s\u00e9curit\u00e9 de tous nos clients et de tous nos employ\u00e9s est tr\u00e8s importante pour nous.<\/span><span style=\"font-weight: 400;\"><br \/>\n<\/span><\/p>\n<p><span style=\"font-weight: 400;\">Tout comme nous demandons \u00e0 nos clients de prendre soin de leur sant\u00e9, nous en demandons autant de nos employ\u00e9s. Si votre th\u00e9rapeute n\u2019est pas en mesure de se rendre au bureau, nous annulerons votre s\u00e9ance. Nous vous pr\u00e9viendrons d\u00e8s que possible.<\/span><\/p>\n<p><b>Formations et ateliers<\/b><\/p>\n<p><span style=\"font-weight: 400;\">Le Centre de renouveau Aulneau s\u2019engage \u00e0 fournir d\u2019excellentes possibilit\u00e9s d\u2019apprentissage. Pour l\u2019instant, si vous \u00eates inscrit \u00e0 une formation ou \u00e0 un atelier, nous vous offrons un remboursement. En reconnaissance de cette p\u00e9riode bien particuli\u00e8re, nous allons \u00e9galement examiner d\u2019autres possibilit\u00e9s de formation. Veuillez consulter notre site Web pour de plus amples renseignements.<\/span><\/p>\n<p><b>Conseils de pr\u00e9vention<\/b><\/p>\n<p><span style=\"font-weight: 400;\">Nous rappelons \u00e0 notre communaut\u00e9 de prendre des pr\u00e9cautions qui peuvent l\u2019aider \u00e0 \u00e9viter de contracter et de propager le nouveau coronavirus ou toute autre maladie respiratoire. Ces mesures de pr\u00e9vention courantes comprennent les suivantes\u00a0: se laver fr\u00e9quemment les mains avec de l\u2019eau et du savon ou un d\u00e9sinfectant pour les mains \u00e0 base d\u2019alcool; se couvrir la bouche et le nez pour tousser et \u00e9ternuer; et \u00e9viter tout contact avec une personne qui pr\u00e9sente des sympt\u00f4mes de maladie respiratoire, comme une toux ou des \u00e9ternuements. Il est important de vous laver les mains\u00a0:<\/span><\/p>\n<ul>\n<li><span style=\"font-weight: 400;\">apr\u00e8s avoir touss\u00e9 ou \u00e9ternu\u00e9; <\/span><\/li>\n<li><span style=\"font-weight: 400;\">lorsque vous prenez soin d\u2019une personne malade;<\/span><\/li>\n<li><span style=\"font-weight: 400;\">avant, pendant et apr\u00e8s la pr\u00e9paration d\u2019aliments;<\/span><span style=\"font-weight: 400;\"> avant de manger;<\/span><\/li>\n<li><span style=\"font-weight: 400;\">apr\u00e8s avoir utilis\u00e9 les toilettes;<\/span><\/li>\n<li><span style=\"font-weight: 400;\">lorsque vos mains sont visiblement sales.<\/span><\/li>\n<\/ul>\n<p><span style=\"font-weight: 400;\">Nous encourageons tous les clients \u00e0 se laver les mains avant et apr\u00e8s chaque s\u00e9ance.<\/span><\/p>\n<p><span style=\"font-weight: 400;\">Nous savons que nous offrons des services dont notre communaut\u00e9 a grandement besoin. Nous esp\u00e9rons qu\u2019ensemble, nous pourrons contr\u00f4ler la COVID-19, afin de pouvoir continuer d\u2019offrir \u00e0 nos clients des soins exceptionnels avec compassion.<\/span><\/p>\n<p>&nbsp;<\/p>\n<p><span style=\"font-weight: 400;\">Pour des liens menant \u00e0 un compl\u00e9ment d\u2019information, jetez un coup d\u2019\u0153il \u00e0 la <\/span><span style=\"font-weight: 400;\">FAQ<\/span><span style=\"font-weight: 400;\"> suivante et visitez les sites Web de la <\/span><span style=\"font-weight: 400;\">province du Manitoba<\/span> <span style=\"font-weight: 400;\">et du <\/span><span style=\"font-weight: 400;\">gouvernement du<\/span> <span style=\"font-weight: 400;\">Canada<\/span><span style=\"font-weight: 400;\">. Ces sites sont mis \u00e0 jour r\u00e9guli\u00e8rement et renferment des renseignements exacts et \u00e0 jour.<\/span><\/p>\n<p>&nbsp;<\/p>\n<p><span style=\"font-weight: 400;\">Nous allons continuer de surveiller la situation tous les jours et de faire des mises \u00e0 jour dans les meilleurs d\u00e9lais.<\/span><\/p>\n<p>&nbsp;<\/p>\n<p><span style=\"font-weight: 400;\">Si vous avez des questions, n\u2019h\u00e9sitez pas \u00e0 communiquer avec nous au 204-987-7090 ou par courriel \u00e0 <\/span><a href=\"mailto:reception@aulneau.com\"><span style=\"font-weight: 400;\">reception@aulneau.com.<\/span><\/a><\/p>\n","protected":false},"excerpt":{"rendered":"<p>Si vous voulez vous inscrire \u00e0 un contr\u00f4le de sant\u00e9, veuillez vous inscrire ici : https:\/\/aulneau.com\/fr\/controle-de-sante-covid-19\/ Si vous voulez vous inscrire \u00e0 un contr\u00f4le de sant\u00e9 et \u00e0 des s\u00e9ances de consultation, veuillez vous inscrire ici : https:\/\/aulneau.com\/fr\/counselling\/register-for-counselling\/ MISE \u00c0 JOUR \u2013 Le 19 mars 2020 \u00e0 15\u00a0h Le Centre de renouveau Aulneau, comme d\u2019autres [&hellip;]<\/p>\n","protected":false},"author":3,"featured_media":0,"parent":0,"menu_order":0,"comment_status":"closed","ping_status":"closed","template":"","meta":{"footnotes":""},"class_list":["post-6575","page","type-page","status-publish","hentry"],"acf":[],"_links":{"self":[{"href":"https:\/\/aulneau.com\/fr\/wp-json\/wp\/v2\/pages\/6575","targetHints":{"allow":["GET"]}}],"collection":[{"href":"https:\/\/aulneau.com\/fr\/wp-json\/wp\/v2\/pages"}],"about":[{"href":"https:\/\/aulneau.com\/fr\/wp-json\/wp\/v2\/types\/page"}],"author":[{"embeddable":true,"href":"https:\/\/aulneau.com\/fr\/wp-json\/wp\/v2\/users\/3"}],"replies":[{"embeddable":true,"href":"https:\/\/aulneau.com\/fr\/wp-json\/wp\/v2\/comments?post=6575"}],"version-history":[{"count":7,"href":"https:\/\/aulneau.com\/fr\/wp-json\/wp\/v2\/pages\/6575\/revisions"}],"predecessor-version":[{"id":6611,"href":"https:\/\/aulneau.com\/fr\/wp-json\/wp\/v2\/pages\/6575\/revisions\/6611"}],"wp:attachment":[{"href":"https:\/\/aulneau.com\/fr\/wp-json\/wp\/v2\/media?parent=6575"}],"curies":[{"name":"wp","href":"https:\/\/api.w.org\/{rel}","templated":true}]}}